{"id":3,"date":"2023-11-03T19:19:56","date_gmt":"2023-11-03T19:19:56","guid":{"rendered":"https:\/\/hataysuaritma.com\/?page_id=3"},"modified":"2023-11-03T21:25:40","modified_gmt":"2023-11-03T21:25:40","slug":"privacy-policy","status":"publish","type":"page","link":"https:\/\/hataysuaritma.com\/?page_id=3","title":{"rendered":"\u0130skenderun Su Ar\u0131tma 2324632"},"content":{"rendered":"\n<h2 class=\"wp-block-heading\">Arsuz Su ARITMA C\u0130HAZI<\/h2>\n\n\n\n<p>SAMANDA\u011e SU ARITMA C\u0130HAZI TEKN\u0130K SERV\u0130S<\/p>\n\n\n\n<p>ANTAKYA SU ARITMA C\u0130HAZI TEKN\u0130K SERV\u0130S<\/p>\n\n\n\n<p>HER MARKA SU ARITMA C\u0130HAZI TEKN\u0130K SERV\u0130S YEDEK PAR\u00c7A <\/p>\n\n\n\n<p>MONTAJ S\u00d6K TAK  SU YUMU\u015eATMA REVERSE OSMOS\u0130S <\/p>\n\n\n\n<p>END\u00dcST\u0130R\u0130YEL RO F\u0130LTRE KUM KARBON RE\u00c7\u0130NE  UV LAMBA VALF YEN\u0130LEME TAD\u0130LAT <\/p>\n\n\n\n<p>0532 120 06 48 VOLKAN USTA HATAY ANTAKYA DEFNE SAMANDA\u011e ARSUZ \u0130SKENDERUN<\/p>\n\n\n\n<figure class=\"wp-block-gallery has-nested-images columns-default is-cropped wp-block-gallery-1 is-layout-flex wp-block-gallery-is-layout-flex\">\n<figure class=\"wp-block-image size-large\"><img loading=\"lazy\" decoding=\"async\" width=\"1014\" height=\"1024\" data-id=\"31\" src=\"https:\/\/hataysuaritma.com\/wp-content\/uploads\/2023\/11\/FB_IMG_1674828161221-1-1014x1024.jpg\" alt=\"\" class=\"wp-image-31\" srcset=\"https:\/\/hataysuaritma.com\/wp-content\/uploads\/2023\/11\/FB_IMG_1674828161221-1-1014x1024.jpg 1014w, https:\/\/hataysuaritma.com\/wp-content\/uploads\/2023\/11\/FB_IMG_1674828161221-1-297x300.jpg 297w, https:\/\/hataysuaritma.com\/wp-content\/uploads\/2023\/11\/FB_IMG_1674828161221-1-150x150.jpg 150w, https:\/\/hataysuaritma.com\/wp-content\/uploads\/2023\/11\/FB_IMG_1674828161221-1-768x776.jpg 768w, https:\/\/hataysuaritma.com\/wp-content\/uploads\/2023\/11\/FB_IMG_1674828161221-1-1024x1034.jpg 1024w, https:\/\/hataysuaritma.com\/wp-content\/uploads\/2023\/11\/FB_IMG_1674828161221-1.jpg 1080w\" sizes=\"(max-width: 1014px) 100vw, 1014px\" \/><\/figure>\n<\/figure>\n","protected":false},"excerpt":{"rendered":"<p>Arsuz Su ARITMA C\u0130HAZI SAMANDA\u011e SU ARITMA C\u0130HAZI TEKN\u0130K SERV\u0130S ANTAKYA SU ARITMA C\u0130HAZI TEKN\u0130K SERV\u0130S HER MARKA SU ARITMA C\u0130HAZI TEKN\u0130K SERV\u0130S YEDEK PAR\u00c7A MONTAJ S\u00d6K TAK SU YUMU\u015eATMA REVERSE OSMOS\u0130S END\u00dcST\u0130R\u0130YEL RO F\u0130LTRE KUM KARBON RE\u00c7\u0130NE UV LAMBA VALF YEN\u0130LEME TAD\u0130LAT 0532 120 06 48 VOLKAN USTA HATAY ANTAKYA DEFNE SAMANDA\u011e ARSUZ \u0130SKENDERUN<\/p>\n","protected":false},"author":1,"featured_media":0,"parent":0,"menu_order":0,"comment_status":"closed","ping_status":"open","template":"","meta":{"footnotes":""},"_links":{"self":[{"href":"https:\/\/hataysuaritma.com\/index.php?rest_route=\/wp\/v2\/pages\/3"}],"collection":[{"href":"https:\/\/hataysuaritma.com\/index.php?rest_route=\/wp\/v2\/pages"}],"about":[{"href":"https:\/\/hataysuaritma.com\/index.php?rest_route=\/wp\/v2\/types\/page"}],"author":[{"embeddable":true,"href":"https:\/\/hataysuaritma.com\/index.php?rest_route=\/wp\/v2\/users\/1"}],"replies":[{"embeddable":true,"href":"https:\/\/hataysuaritma.com\/index.php?rest_route=%2Fwp%2Fv2%2Fcomments&post=3"}],"version-history":[{"count":1,"href":"https:\/\/hataysuaritma.com\/index.php?rest_route=\/wp\/v2\/pages\/3\/revisions"}],"predecessor-version":[{"id":32,"href":"https:\/\/hataysuaritma.com\/index.php?rest_route=\/wp\/v2\/pages\/3\/revisions\/32"}],"wp:attachment":[{"href":"https:\/\/hataysuaritma.com\/index.php?rest_route=%2Fwp%2Fv2%2Fmedia&parent=3"}],"curies":[{"name":"wp","href":"https:\/\/api.w.org\/{rel}","templated":true}]}}