{"id":33,"date":"2023-11-03T21:29:32","date_gmt":"2023-11-03T21:29:32","guid":{"rendered":"https:\/\/hataysuaritma.com\/?page_id=33"},"modified":"2023-11-03T21:37:19","modified_gmt":"2023-11-03T21:37:19","slug":"antakya-su-aritma-cihazi-fiyatlari","status":"publish","type":"page","link":"https:\/\/hataysuaritma.com\/?page_id=33","title":{"rendered":"ANTAKYA SU ARITMA C\u0130HAZI F\u0130YATLARI"},"content":{"rendered":"\n<p>HATAY SU ARITMA C\u0130HAZI SATAN F\u0130RMALAR<\/p>\n\n\n\n<p>MEGAWATER SU ARITMA<\/p>\n\n\n\n<p>VOLKAN SU ARITMA<\/p>\n\n\n\n<p>WATERJET SU ARITMA<\/p>\n\n\n\n<p>L\u0130FETECH SU ARITMA<\/p>\n\n\n\n<p>\u0130HLAS SU ARITMA<\/p>\n\n\n\n<p>\u00d6ZEL TEKN\u0130K SERV\u0130S SU ARITMA C\u0130HAZI 05321200648<\/p>\n\n\n\n<figure class=\"wp-block-gallery has-nested-images columns-default is-cropped wp-block-gallery-1 is-layout-flex wp-block-gallery-is-layout-flex\">\n<figure class=\"wp-block-image size-large\"><img loading=\"lazy\" decoding=\"async\" width=\"1024\" height=\"1024\" data-id=\"38\" src=\"https:\/\/hataysuaritma.com\/wp-content\/uploads\/2023\/11\/FB_IMG_1678959456706-1-1024x1024.jpg\" alt=\"\" class=\"wp-image-38\"\/><\/figure>\n<\/figure>\n","protected":false},"excerpt":{"rendered":"<p>HATAY SU ARITMA C\u0130HAZI SATAN F\u0130RMALAR MEGAWATER SU ARITMA VOLKAN SU ARITMA WATERJET SU ARITMA L\u0130FETECH SU ARITMA \u0130HLAS SU ARITMA \u00d6ZEL TEKN\u0130K SERV\u0130S SU ARITMA C\u0130HAZI 05321200648<\/p>\n","protected":false},"author":1,"featured_media":0,"parent":0,"menu_order":0,"comment_status":"closed","ping_status":"closed","template":"","meta":{"footnotes":""},"_links":{"self":[{"href":"https:\/\/hataysuaritma.com\/index.php?rest_route=\/wp\/v2\/pages\/33"}],"collection":[{"href":"https:\/\/hataysuaritma.com\/index.php?rest_route=\/wp\/v2\/pages"}],"about":[{"href":"https:\/\/hataysuaritma.com\/index.php?rest_route=\/wp\/v2\/types\/page"}],"author":[{"embeddable":true,"href":"https:\/\/hataysuaritma.com\/index.php?rest_route=\/wp\/v2\/users\/1"}],"replies":[{"embeddable":true,"href":"https:\/\/hataysuaritma.com\/index.php?rest_route=%2Fwp%2Fv2%2Fcomments&post=33"}],"version-history":[{"count":2,"href":"https:\/\/hataysuaritma.com\/index.php?rest_route=\/wp\/v2\/pages\/33\/revisions"}],"predecessor-version":[{"id":39,"href":"https:\/\/hataysuaritma.com\/index.php?rest_route=\/wp\/v2\/pages\/33\/revisions\/39"}],"wp:attachment":[{"href":"https:\/\/hataysuaritma.com\/index.php?rest_route=%2Fwp%2Fv2%2Fmedia&parent=33"}],"curies":[{"name":"wp","href":"https:\/\/api.w.org\/{rel}","templated":true}]}}