{"id":48,"date":"2023-11-03T22:42:37","date_gmt":"2023-11-03T22:42:37","guid":{"rendered":"https:\/\/hataysuaritma.com\/?page_id=48"},"modified":"2023-11-03T22:42:37","modified_gmt":"2023-11-03T22:42:37","slug":"teknik-servis-su-aritma-hatay","status":"publish","type":"page","link":"https:\/\/hataysuaritma.com\/?page_id=48","title":{"rendered":"Teknik Servis Su Ar\u0131tma Hatay"},"content":{"rendered":"\n<p>03262324632 Su Ar\u0131tma Servisi Hatay <\/p>\n\n\n\n<p>Hatay&#8217; da Su Ar\u0131tma Servisi il\u00e7eler<\/p>\n\n\n\n<p>Alt\u0131n\u00f6z\u00fc Su Ar\u0131tma Servisi &#8211; Su Ar\u0131tma ServisAntakya Su Ar\u0131tma Servisi &#8211; Su Ar\u0131tma ServisArsuz Su Ar\u0131tma Servisi &#8211; Su Ar\u0131tma ServisBelen Su Ar\u0131tma Servisi &#8211; Su Ar\u0131tma ServisDefne Su Ar\u0131tma Servisi &#8211; Su Ar\u0131tma ServisD\u00f6rtyol Su Ar\u0131tma Servisi &#8211; Su Ar\u0131tma ServisErzin Su Ar\u0131tma Servisi &#8211; Su Ar\u0131tma ServisHassa Su Ar\u0131tma Servisi &#8211; Su Ar\u0131tma Servis\u0130skenderun Su Ar\u0131tma Servisi &#8211; Su Ar\u0131tma ServisK\u0131r\u0131khan Su Ar\u0131tma Servisi &#8211; Su Ar\u0131tma ServisKumlu Su Ar\u0131tma Servisi &#8211; Su Ar\u0131tma ServisPayas Su Ar\u0131tma Servisi &#8211; Su Ar\u0131tma ServisReyhanl\u0131 Su Ar\u0131tma Servisi &#8211; Su Ar\u0131tma ServisSamanda\u011f Su Ar\u0131tma Servisi &#8211; Su Ar\u0131tma ServisYaylada\u011f\u0131 Su Ar\u0131tma Servisi &#8211; Su Ar\u0131tma Servis<\/p>\n\n\n\n<blockquote class=\"wp-block-quote\">\n<p><\/p>\n<\/blockquote>\n","protected":false},"excerpt":{"rendered":"<p>03262324632 Su Ar\u0131tma Servisi Hatay Hatay&#8217; da Su Ar\u0131tma Servisi il\u00e7eler Alt\u0131n\u00f6z\u00fc Su Ar\u0131tma Servisi &#8211; Su Ar\u0131tma ServisAntakya Su Ar\u0131tma Servisi &#8211; Su Ar\u0131tma ServisArsuz Su Ar\u0131tma Servisi &#8211; Su Ar\u0131tma ServisBelen Su Ar\u0131tma Servisi &#8211; Su Ar\u0131tma ServisDefne Su Ar\u0131tma Servisi &#8211; Su Ar\u0131tma ServisD\u00f6rtyol Su Ar\u0131tma Servisi &#8211; Su Ar\u0131tma ServisErzin Su [&hellip;]<\/p>\n","protected":false},"author":1,"featured_media":0,"parent":0,"menu_order":0,"comment_status":"closed","ping_status":"closed","template":"","meta":{"footnotes":""},"_links":{"self":[{"href":"https:\/\/hataysuaritma.com\/index.php?rest_route=\/wp\/v2\/pages\/48"}],"collection":[{"href":"https:\/\/hataysuaritma.com\/index.php?rest_route=\/wp\/v2\/pages"}],"about":[{"href":"https:\/\/hataysuaritma.com\/index.php?rest_route=\/wp\/v2\/types\/page"}],"author":[{"embeddable":true,"href":"https:\/\/hataysuaritma.com\/index.php?rest_route=\/wp\/v2\/users\/1"}],"replies":[{"embeddable":true,"href":"https:\/\/hataysuaritma.com\/index.php?rest_route=%2Fwp%2Fv2%2Fcomments&post=48"}],"version-history":[{"count":1,"href":"https:\/\/hataysuaritma.com\/index.php?rest_route=\/wp\/v2\/pages\/48\/revisions"}],"predecessor-version":[{"id":49,"href":"https:\/\/hataysuaritma.com\/index.php?rest_route=\/wp\/v2\/pages\/48\/revisions\/49"}],"wp:attachment":[{"href":"https:\/\/hataysuaritma.com\/index.php?rest_route=%2Fwp%2Fv2%2Fmedia&parent=48"}],"curies":[{"name":"wp","href":"https:\/\/api.w.org\/{rel}","templated":true}]}}