{"id":50,"date":"2023-11-09T20:35:18","date_gmt":"2023-11-09T20:35:18","guid":{"rendered":"https:\/\/hataysuaritma.com\/?page_id=50"},"modified":"2023-11-09T20:35:18","modified_gmt":"2023-11-09T20:35:18","slug":"hatay-su-aritma-03262324632","status":"publish","type":"page","link":"https:\/\/hataysuaritma.com\/?page_id=50","title":{"rendered":"Hatay Su Ar\u0131tma 03262324632"},"content":{"rendered":"\n<p><br>Su ar\u0131tma cihazlar\u0131 sat\u0131\u015f ve teknik servis hizmetleri veren Antakya merkezli su ar\u0131tma firmas\u0131d\u0131r.<br>Her marka su ar\u0131tma cihazlar\u0131 teknik servis filtre.<\/p>\n\n\n\n<p>hatay su ar\u0131tma,hatay su ar\u0131tma cihaz\u0131,hatay su ar\u0131tma cihazlar\u0131,hatay su ar\u0131tma cihaz\u0131 fiyatlar\u0131,hatay su ar\u0131t\u0131c\u0131 fiyatlar\u0131,antakyal\u0131 su ar\u0131tma,antakya su ar\u0131tma,antakya su ar\u0131tma cihaz\u0131,antakya su ar\u0131tma cihazlar\u0131,antakya su ar\u0131tma cihazlar\u0131 fiyatlar\u0131,antakya su ar\u0131t\u0131c\u0131 fiyatlar\u0131,232 46 32,Hatay su ar\u0131tma,su ar\u0131tma cihaz\u0131 hatay, hatay ili su ar\u0131tma cihazlar\u0131 sat\u0131\u015f\u0131,hatay su ar\u0131t\u0131c\u0131 filtresi,su ar\u0131tma filtresi,su depolar\u0131 temizlik dezenfekte ,antakyal\u0131 su ar\u0131tma cihaz\u0131,<\/p>\n\n\n\n<h3 class=\"wp-block-heading\">Volkan Su Ar\u0131t\u0131m Havuzculuk Megawater Yetkili Servis Hizmeti <\/h3>\n\n\n\n<p>Hatay Antakya Merkezli su ar\u0131tma cihazlar\u0131 sat\u0131\u015f ve teknik servis ma\u011fazas\u0131 d\u0131r<\/p>\n","protected":false},"excerpt":{"rendered":"<p>Su ar\u0131tma cihazlar\u0131 sat\u0131\u015f ve teknik servis hizmetleri veren Antakya merkezli su ar\u0131tma firmas\u0131d\u0131r.Her marka su ar\u0131tma cihazlar\u0131 teknik servis filtre. hatay su ar\u0131tma,hatay su ar\u0131tma cihaz\u0131,hatay su ar\u0131tma cihazlar\u0131,hatay su ar\u0131tma cihaz\u0131 fiyatlar\u0131,hatay su ar\u0131t\u0131c\u0131 fiyatlar\u0131,antakyal\u0131 su ar\u0131tma,antakya su ar\u0131tma,antakya su ar\u0131tma cihaz\u0131,antakya su ar\u0131tma cihazlar\u0131,antakya su ar\u0131tma cihazlar\u0131 fiyatlar\u0131,antakya su ar\u0131t\u0131c\u0131 fiyatlar\u0131,232 46 [&hellip;]<\/p>\n","protected":false},"author":1,"featured_media":0,"parent":0,"menu_order":0,"comment_status":"closed","ping_status":"closed","template":"","meta":{"footnotes":""},"_links":{"self":[{"href":"https:\/\/hataysuaritma.com\/index.php?rest_route=\/wp\/v2\/pages\/50"}],"collection":[{"href":"https:\/\/hataysuaritma.com\/index.php?rest_route=\/wp\/v2\/pages"}],"about":[{"href":"https:\/\/hataysuaritma.com\/index.php?rest_route=\/wp\/v2\/types\/page"}],"author":[{"embeddable":true,"href":"https:\/\/hataysuaritma.com\/index.php?rest_route=\/wp\/v2\/users\/1"}],"replies":[{"embeddable":true,"href":"https:\/\/hataysuaritma.com\/index.php?rest_route=%2Fwp%2Fv2%2Fcomments&post=50"}],"version-history":[{"count":2,"href":"https:\/\/hataysuaritma.com\/index.php?rest_route=\/wp\/v2\/pages\/50\/revisions"}],"predecessor-version":[{"id":52,"href":"https:\/\/hataysuaritma.com\/index.php?rest_route=\/wp\/v2\/pages\/50\/revisions\/52"}],"wp:attachment":[{"href":"https:\/\/hataysuaritma.com\/index.php?rest_route=%2Fwp%2Fv2%2Fmedia&parent=50"}],"curies":[{"name":"wp","href":"https:\/\/api.w.org\/{rel}","templated":true}]}}