{"id":56,"date":"2023-11-09T20:49:21","date_gmt":"2023-11-09T20:49:21","guid":{"rendered":"https:\/\/hataysuaritma.com\/?page_id=56"},"modified":"2023-11-09T20:49:21","modified_gmt":"2023-11-09T20:49:21","slug":"antakya-su-aritma-teknik-servisi","status":"publish","type":"page","link":"https:\/\/hataysuaritma.com\/?page_id=56","title":{"rendered":"Antakya Su Ar\u0131tma Teknik Servisi"},"content":{"rendered":"\n<p>05321200648<\/p>\n\n\n\n<p>&#8220;2009 dan beri Volkan Dikmen \u00f6nc\u00fcl\u00fc\u011f\u00fcndesat\u0131\u015f\u0131,hatay su ar\u0131t\u0131c\u0131 filtresi,su ar\u0131tma filtresihatay rehberi\u0130hlas Su Ar\u0131tma Fsuhatay su ar\u0131tma,hatay su ar\u0131tma cihaz\u0131,hatay su ar\u0131tma cihazlar\u0131,hatay su ar\u0131tma cihaz\u0131 fiyatlar\u0131,hatay su ar\u0131t\u0131c\u0131 fiyatlar\u0131,antakyal\u0131 su ar\u0131tma,antakya su ar\u0131tma,antakya su ar\u0131tma cihaz\u0131,antakya su ar\u0131tma cihazlar\u0131,antakya su ar\u0131tma cihazlar\u0131 fiyatlar\u0131,antakya su ar\u0131t\u0131c\u0131 fiyatlar\u0131,232 46 32\u0130hlas Su Ar\u0131tma Fiyat\u0131, \u0130hlas Su Ar\u0131tma Fiyatlar\u0131, Aura Cebilon Fiyatlar\u0131. Anasayfa &#8230;ihlassuaritma auracebilon hatay \u0130hlas Su Ar\u0131tma Cihazlar\u0131 Aura Cebilon Hatay, Hatay Sanayi Tipi Su Ar\u0131tma, Hatay End\u00fcstriyel Su Ar\u0131tma, Hatay Sanayi Tipi Su Ar\u0131tma Cihaz\u0131, Hatay Sanayi Tipi Su Ar\u0131tma Cihazlar\u0131, Hatay Sanayi Tipi Su, Hatay Su&#8221;<\/p>\n","protected":false},"excerpt":{"rendered":"<p>05321200648 &#8220;2009 dan beri Volkan Dikmen \u00f6nc\u00fcl\u00fc\u011f\u00fcndesat\u0131\u015f\u0131,hatay su ar\u0131t\u0131c\u0131 filtresi,su ar\u0131tma filtresihatay rehberi\u0130hlas Su Ar\u0131tma Fsuhatay su ar\u0131tma,hatay su ar\u0131tma cihaz\u0131,hatay su ar\u0131tma cihazlar\u0131,hatay su ar\u0131tma cihaz\u0131 fiyatlar\u0131,hatay su ar\u0131t\u0131c\u0131 fiyatlar\u0131,antakyal\u0131 su ar\u0131tma,antakya su ar\u0131tma,antakya su ar\u0131tma cihaz\u0131,antakya su ar\u0131tma cihazlar\u0131,antakya su ar\u0131tma cihazlar\u0131 fiyatlar\u0131,antakya su ar\u0131t\u0131c\u0131 fiyatlar\u0131,232 46 32\u0130hlas Su Ar\u0131tma Fiyat\u0131, \u0130hlas Su [&hellip;]<\/p>\n","protected":false},"author":1,"featured_media":0,"parent":0,"menu_order":0,"comment_status":"closed","ping_status":"closed","template":"","meta":{"footnotes":""},"_links":{"self":[{"href":"https:\/\/hataysuaritma.com\/index.php?rest_route=\/wp\/v2\/pages\/56"}],"collection":[{"href":"https:\/\/hataysuaritma.com\/index.php?rest_route=\/wp\/v2\/pages"}],"about":[{"href":"https:\/\/hataysuaritma.com\/index.php?rest_route=\/wp\/v2\/types\/page"}],"author":[{"embeddable":true,"href":"https:\/\/hataysuaritma.com\/index.php?rest_route=\/wp\/v2\/users\/1"}],"replies":[{"embeddable":true,"href":"https:\/\/hataysuaritma.com\/index.php?rest_route=%2Fwp%2Fv2%2Fcomments&post=56"}],"version-history":[{"count":1,"href":"https:\/\/hataysuaritma.com\/index.php?rest_route=\/wp\/v2\/pages\/56\/revisions"}],"predecessor-version":[{"id":57,"href":"https:\/\/hataysuaritma.com\/index.php?rest_route=\/wp\/v2\/pages\/56\/revisions\/57"}],"wp:attachment":[{"href":"https:\/\/hataysuaritma.com\/index.php?rest_route=%2Fwp%2Fv2%2Fmedia&parent=56"}],"curies":[{"name":"wp","href":"https:\/\/api.w.org\/{rel}","templated":true}]}}