{"id":74,"date":"2023-11-11T22:56:32","date_gmt":"2023-11-11T22:56:32","guid":{"rendered":"https:\/\/hataysuaritma.com\/?page_id=74"},"modified":"2023-11-11T22:56:32","modified_gmt":"2023-11-11T22:56:32","slug":"hatay-megawater","status":"publish","type":"page","link":"https:\/\/hataysuaritma.com\/?page_id=74","title":{"rendered":"Hatay Megawater"},"content":{"rendered":"\n<p>Hatay Su Ar\u0131tma<br>su ar\u0131tma 0532 120 0648<br>Ar\u0131tma, su ar\u0131tma, su ar\u0131tma cihaz\u0131, ar\u0131tma cihaz\u0131, kaliteli su ar\u0131tma, Hatay ar\u0131tma, Hatay su ar\u0131tma, Hatay su ar\u0131tma cihazlar\u0131, Antakya su ar\u0131tma, Samanda\u011f su ar\u0131tma, reyhanl\u0131 su ar\u0131tma, K\u0131r\u0131khan su ar\u0131tma, Yaylada\u011f su ar\u0131tma, Alt\u0131n\u00f6z\u00fc su ar\u0131tma, Amerikan su ar\u0131tma cihazlar\u0131, Amerikan su ar\u0131tma, kaliteli su ar\u0131tma, su ar\u0131tma cihazlar\u0131 teknik servisi,antakyal\u0131 su ar\u0131tma,kuyu suyu ar\u0131tma hatay,su ar\u0131tma montaj\u0131 antakya hatay,hatay su ar\u0131tma cihaz\u0131,hatay su ar\u0131tma cihazlar\u0131,hatay su ar\u0131tma cihaz\u0131 fiyatlar\u0131,hatay su ar\u0131t\u0131c\u0131 fiyatlar\u0131,antakyal\u0131 su ar\u0131tma,\u2019antakya su ar\u0131tma\u201dantakya su\u2019 \u2018ar\u0131tma cihaz\u0131,antakya su ar\u0131tma cihazlar\u0131,antakya su ar\u0131tma cihazlar\u0131 fiyatlar\u0131\u201dantakya su ar\u0131t\u0131c\u0131 fiyatlar\u0131\u2019End\u00fcstiriyel ar\u0131tma,su,su ar\u0131tma,ev tipi tezgah alt\u0131 su ar\u0131tma cihaz\u0131 antakya,su ar\u0131tma,antakya,antakyal\u0131,hatay su ar\u0131tma ,cihaz\u0131,Suyunuza \u00f6zel ar\u0131tma \u00e7\u00f6z\u00fcmleri,evsel ve end\u00fcstiriyel ihtiyac\u0131n\u0131za en uygun su ar\u0131tma sistemleri projelendirme,sat\u0131\u015f,servis \u2026,antakya su ar\u0131tma,End\u00fcstriyel,Evsel Su ar\u0131tma Sistemleri Sat\u0131\u015f, Teknik Servis Hizmetleri HATAY ANTAKYA SU ARITMA,\u0130hlas Su Ar\u0131tma Fiyat\u0131, \u0130hlas Su Ar\u0131tma Fiyatlar\u0131, Aura Cebilon Fiyatlar\u0131. Anasayfa \u2026ihlassuaritma auracebilon hatay \u0130hlas Su Ar\u0131tma Cihazlar\u0131 Aura Cebilon Hatay, Hatay Sanayi Tipi Su Ar\u0131tma, Hatay End\u00fcstriyel Su Ar\u0131tma, Hatay Sanayi Tipi Su Ar\u0131tma Cihaz\u0131, Hatay Sanayi Tipi Su Ar\u0131tma Cihazlar\u0131, Hatay Sanayi Tipi Su, Hatay , Hatay Su Ar\u0131tma Cihaz\u0131, Hatay Su Ar\u0131tma Sistemi, , Hatay Su Ar\u0131tma Fiyatlar\u0131, Hatay Su Ar\u0131tma Cihazlar\u0131 Fiyatlar\u0131, Su Ar\u0131tma Cihazlar\u0131 Fiyatlar\u0131 Sat\u0131\u015f 150 TL, su ar\u0131tma cihaz\u0131, ev tipi su ar\u0131tma cihaz\u0131, ev ve ofislerde reverse osmosis su ar\u0131tma sistemleri, ucuz ve kaliteli su ar\u0131tma, Life Su Ar\u0131tma, Su Ar\u0131tma Cihaz\u0131, Su Ar\u0131tma Cihazlar\u0131 Fiyatlar\u0131 ve Ar\u0131tma Cihaz\u0131, Su Ar\u0131tma, Su Ar\u0131tma Cihaz\u0131, Ar\u0131tma Cihazlar\u0131, Ev Su Ar\u0131tma,, ihlas su ar\u0131tma, Aura Cebilon Su Ar\u0131tma, ihlas su ar\u0131tma cihaz\u0131, ar\u0131t\u0131m, ar\u0131tma cihaz\u0131,su ar\u0131tma cihaz\u0131,hatay su ar\u0131tma cihaz\u0131 sat\u0131\u015f noktalar\u0131,life su ar\u0131tma,hatayda su ar\u0131tma firma,r\u0131tma Fiyat\u0131, \u0130hlas Su Ar\u0131tma Fiyatlar\u0131, Aura Cebilon Fiyatlar\u0131. Anasayfa \u2026ihlassuaritma auracebilon hatay \u0130hlas Su Ar\u0131tma Cihazlar\u0131 Aura Cebilon Hatay, Hatay Sanayi Tipi Su Ar\u0131tma, Hatay End\u00fcstriyel Su Ar\u0131tma, Hatay Sanayi Tipi Su Ar\u0131tma Cihaz\u0131, Hatay Sanayi Tipi Su Ar\u0131tma Cihazlar\u0131, Hatay Sanayi Tipi Su, Hatay Su Ar\u0131tma, Hatay Su Ar\u0131tma Cihaz\u0131, Hatay Su Ar\u0131tma Sistemi, Hatay Su Ar\u0131tma \u2026 Su Ar\u0131tma, Hatay Su Ar\u0131tma Fiyatlar\u0131, Hatay Su Ar\u0131tma Cihazlar\u0131 Fiyatlar\u0131, Su Ar\u0131tma Cihazlar\u0131 Fiyatlar\u0131 Sat\u0131\u015f 150 TL, su ar\u0131tma cihaz\u0131, ev tipi su ar\u0131tma cihaz\u0131, ev ve ofislerde, reverse osmosis su ar\u0131tma sistemleri\u2026<\/p>\n","protected":false},"excerpt":{"rendered":"<p>Hatay Su Ar\u0131tmasu ar\u0131tma 0532 120 0648Ar\u0131tma, su ar\u0131tma, su ar\u0131tma cihaz\u0131, ar\u0131tma cihaz\u0131, kaliteli su ar\u0131tma, Hatay ar\u0131tma, Hatay su ar\u0131tma, Hatay su ar\u0131tma cihazlar\u0131, Antakya su ar\u0131tma, Samanda\u011f su ar\u0131tma, reyhanl\u0131 su ar\u0131tma, K\u0131r\u0131khan su ar\u0131tma, Yaylada\u011f su ar\u0131tma, Alt\u0131n\u00f6z\u00fc su ar\u0131tma, Amerikan su ar\u0131tma cihazlar\u0131, Amerikan su ar\u0131tma, kaliteli su ar\u0131tma, su [&hellip;]<\/p>\n","protected":false},"author":1,"featured_media":0,"parent":0,"menu_order":0,"comment_status":"closed","ping_status":"closed","template":"","meta":{"footnotes":""},"_links":{"self":[{"href":"https:\/\/hataysuaritma.com\/index.php?rest_route=\/wp\/v2\/pages\/74"}],"collection":[{"href":"https:\/\/hataysuaritma.com\/index.php?rest_route=\/wp\/v2\/pages"}],"about":[{"href":"https:\/\/hataysuaritma.com\/index.php?rest_route=\/wp\/v2\/types\/page"}],"author":[{"embeddable":true,"href":"https:\/\/hataysuaritma.com\/index.php?rest_route=\/wp\/v2\/users\/1"}],"replies":[{"embeddable":true,"href":"https:\/\/hataysuaritma.com\/index.php?rest_route=%2Fwp%2Fv2%2Fcomments&post=74"}],"version-history":[{"count":1,"href":"https:\/\/hataysuaritma.com\/index.php?rest_route=\/wp\/v2\/pages\/74\/revisions"}],"predecessor-version":[{"id":75,"href":"https:\/\/hataysuaritma.com\/index.php?rest_route=\/wp\/v2\/pages\/74\/revisions\/75"}],"wp:attachment":[{"href":"https:\/\/hataysuaritma.com\/index.php?rest_route=%2Fwp%2Fv2%2Fmedia&parent=74"}],"curies":[{"name":"wp","href":"https:\/\/api.w.org\/{rel}","templated":true}]}}