{"id":80,"date":"2023-11-11T23:24:39","date_gmt":"2023-11-11T23:24:39","guid":{"rendered":"https:\/\/hataysuaritma.com\/?page_id=80"},"modified":"2023-11-11T23:58:09","modified_gmt":"2023-11-11T23:58:09","slug":"80-2","status":"publish","type":"page","link":"https:\/\/hataysuaritma.com\/","title":{"rendered":"Hatay Antakya Su Ar\u0131tma"},"content":{"rendered":"\n<figure class=\"wp-block-image size-full\"><img loading=\"lazy\" decoding=\"async\" width=\"1024\" height=\"1024\" src=\"https:\/\/hataysuaritma.com\/wp-content\/uploads\/2023\/11\/PhotoGrid_1501540349295.png\" alt=\"\" class=\"wp-image-66\" srcset=\"https:\/\/hataysuaritma.com\/wp-content\/uploads\/2023\/11\/PhotoGrid_1501540349295.png 1024w, https:\/\/hataysuaritma.com\/wp-content\/uploads\/2023\/11\/PhotoGrid_1501540349295-300x300.png 300w, https:\/\/hataysuaritma.com\/wp-content\/uploads\/2023\/11\/PhotoGrid_1501540349295-150x150.png 150w, https:\/\/hataysuaritma.com\/wp-content\/uploads\/2023\/11\/PhotoGrid_1501540349295-768x768.png 768w, https:\/\/hataysuaritma.com\/wp-content\/uploads\/2023\/11\/PhotoGrid_1501540349295-350x350.png 350w\" sizes=\"(max-width: 1024px) 100vw, 1024px\" \/><\/figure>\n\n\n\n<figure class=\"wp-block-image size-large\"><img loading=\"lazy\" decoding=\"async\" width=\"1024\" height=\"819\" src=\"https:\/\/hataysuaritma.com\/wp-content\/uploads\/2023\/11\/IMG-20220602-WA0007-1024x819.jpg\" alt=\"\" class=\"wp-image-28\" srcset=\"https:\/\/hataysuaritma.com\/wp-content\/uploads\/2023\/11\/IMG-20220602-WA0007-1024x819.jpg 1024w, https:\/\/hataysuaritma.com\/wp-content\/uploads\/2023\/11\/IMG-20220602-WA0007-300x240.jpg 300w, https:\/\/hataysuaritma.com\/wp-content\/uploads\/2023\/11\/IMG-20220602-WA0007-768x614.jpg 768w, https:\/\/hataysuaritma.com\/wp-content\/uploads\/2023\/11\/IMG-20220602-WA0007.jpg 1350w\" sizes=\"(max-width: 1024px) 100vw, 1024px\" \/><\/figure>\n\n\n\n<figure class=\"wp-block-image size-large\"><img loading=\"lazy\" decoding=\"async\" width=\"1024\" height=\"819\" src=\"https:\/\/hataysuaritma.com\/wp-content\/uploads\/2023\/11\/IMG-20220530-WA0013-1024x819.jpg\" alt=\"\" class=\"wp-image-29\" srcset=\"https:\/\/hataysuaritma.com\/wp-content\/uploads\/2023\/11\/IMG-20220530-WA0013-1024x819.jpg 1024w, https:\/\/hataysuaritma.com\/wp-content\/uploads\/2023\/11\/IMG-20220530-WA0013-300x240.jpg 300w, https:\/\/hataysuaritma.com\/wp-content\/uploads\/2023\/11\/IMG-20220530-WA0013-768x614.jpg 768w, https:\/\/hataysuaritma.com\/wp-content\/uploads\/2023\/11\/IMG-20220530-WA0013.jpg 1350w\" sizes=\"(max-width: 1024px) 100vw, 1024px\" \/><\/figure>\n\n\n\n<figure class=\"wp-block-image size-large is-resized\"><img loading=\"lazy\" decoding=\"async\" width=\"659\" height=\"1024\" src=\"https:\/\/hataysuaritma.com\/wp-content\/uploads\/2023\/11\/IMG-20221025-WA0019-659x1024.jpg\" alt=\"\" class=\"wp-image-81\" style=\"aspect-ratio:0.6435546875;width:283px;height:auto\" srcset=\"https:\/\/hataysuaritma.com\/wp-content\/uploads\/2023\/11\/IMG-20221025-WA0019-659x1024.jpg 659w, https:\/\/hataysuaritma.com\/wp-content\/uploads\/2023\/11\/IMG-20221025-WA0019-193x300.jpg 193w, https:\/\/hataysuaritma.com\/wp-content\/uploads\/2023\/11\/IMG-20221025-WA0019-768x1193.jpg 768w, https:\/\/hataysuaritma.com\/wp-content\/uploads\/2023\/11\/IMG-20221025-WA0019-989x1536.jpg 989w, https:\/\/hataysuaritma.com\/wp-content\/uploads\/2023\/11\/IMG-20221025-WA0019-1024x1591.jpg 1024w, https:\/\/hataysuaritma.com\/wp-content\/uploads\/2023\/11\/IMG-20221025-WA0019.jpg 1030w\" sizes=\"(max-width: 659px) 100vw, 659px\" \/><\/figure>\n\n\n\n<h3 class=\"wp-block-heading\">Hatay Su Ar\u0131tma Servisi <\/h3>\n\n\n\n<p>\u00a0\u00a0\u00a0 Alt\u0131n\u00f6z\u00fc Su Ar\u0131tma Servisi, su ar\u0131tma servis<br>\u00a0\u00a0\u00a0 Antakya Su Ar\u0131tma Servisi, su ar\u0131tma servis<br>\u00a0\u00a0\u00a0 Arsuz Su Ar\u0131tma Servisi, su ar\u0131tma servis<br>\u00a0\u00a0\u00a0 Belen Su Ar\u0131tma Servisi, su ar\u0131tma servis<br>\u00a0\u00a0\u00a0 Defne Su Ar\u0131tma Servisi, su ar\u0131tma servis<br>\u00a0\u00a0\u00a0 D\u00f6rtyol Su Ar\u0131tma Servisi, su ar\u0131tma servis<br>\u00a0\u00a0\u00a0 Erzin Su Ar\u0131tma Servisi, su ar\u0131tma servis<br>\u00a0\u00a0\u00a0 Hassa Su Ar\u0131tma Servisi, su ar\u0131tma servis<br>\u00a0\u00a0\u00a0 \u0130skenderun Su Ar\u0131tma Servisi, su ar\u0131tma servis<br>\u00a0\u00a0\u00a0 K\u0131rkhan Su Ar\u0131tma Servisi, su ar\u0131tma servis<br>\u00a0\u00a0\u00a0 Kumlu Su Ar\u0131tma Servisi, su ar\u0131tma servis<br>\u00a0\u00a0\u00a0 Payas Su Ar\u0131tma Servisi, su ar\u0131tma servis<br>\u00a0\u00a0\u00a0 Reyhanl\u0131 Su Ar\u0131tma Servisi, su ar\u0131tma servis<br>\u00a0\u00a0\u00a0 Samanda\u011f Su Ar\u0131tma Servisi, su ar\u0131tma servis<br>\u00a0\u00a0\u00a0 Yaylada\u011f\u0131 Su Ar\u0131tma Servisi, su ar\u0131tma servis 03262324632 <\/p>\n","protected":false},"excerpt":{"rendered":"<p>Hatay Su Ar\u0131tma Servisi \u00a0\u00a0\u00a0 Alt\u0131n\u00f6z\u00fc Su Ar\u0131tma Servisi, su ar\u0131tma servis\u00a0\u00a0\u00a0 Antakya Su Ar\u0131tma Servisi, su ar\u0131tma servis\u00a0\u00a0\u00a0 Arsuz Su Ar\u0131tma Servisi, su ar\u0131tma servis\u00a0\u00a0\u00a0 Belen Su Ar\u0131tma Servisi, su ar\u0131tma servis\u00a0\u00a0\u00a0 Defne Su Ar\u0131tma Servisi, su ar\u0131tma servis\u00a0\u00a0\u00a0 D\u00f6rtyol Su Ar\u0131tma Servisi, su ar\u0131tma servis\u00a0\u00a0\u00a0 Erzin Su Ar\u0131tma Servisi, su ar\u0131tma servis\u00a0\u00a0\u00a0 Hassa [&hellip;]<\/p>\n","protected":false},"author":1,"featured_media":0,"parent":0,"menu_order":0,"comment_status":"closed","ping_status":"closed","template":"","meta":{"footnotes":""},"_links":{"self":[{"href":"https:\/\/hataysuaritma.com\/index.php?rest_route=\/wp\/v2\/pages\/80"}],"collection":[{"href":"https:\/\/hataysuaritma.com\/index.php?rest_route=\/wp\/v2\/pages"}],"about":[{"href":"https:\/\/hataysuaritma.com\/index.php?rest_route=\/wp\/v2\/types\/page"}],"author":[{"embeddable":true,"href":"https:\/\/hataysuaritma.com\/index.php?rest_route=\/wp\/v2\/users\/1"}],"replies":[{"embeddable":true,"href":"https:\/\/hataysuaritma.com\/index.php?rest_route=%2Fwp%2Fv2%2Fcomments&post=80"}],"version-history":[{"count":3,"href":"https:\/\/hataysuaritma.com\/index.php?rest_route=\/wp\/v2\/pages\/80\/revisions"}],"predecessor-version":[{"id":90,"href":"https:\/\/hataysuaritma.com\/index.php?rest_route=\/wp\/v2\/pages\/80\/revisions\/90"}],"wp:attachment":[{"href":"https:\/\/hataysuaritma.com\/index.php?rest_route=%2Fwp%2Fv2%2Fmedia&parent=80"}],"curies":[{"name":"wp","href":"https:\/\/api.w.org\/{rel}","templated":true}]}}